{"id":3,"date":"2018-08-21T10:55:44","date_gmt":"2018-08-21T13:55:44","guid":{"rendered":"http:\/\/extensao.ifg.edu.br\/clubedeciencias\/calendar\/"},"modified":"2018-09-02T15:19:33","modified_gmt":"2018-09-02T18:19:33","slug":"sobre","status":"publish","type":"page","link":"https:\/\/extensao.ifg.edu.br\/clubedeciencias\/sobre\/","title":{"rendered":"Sobre"},"content":{"rendered":"<p>Esse <em>Sobre<\/em> est\u00e1 organizado como uma se\u00e7\u00e3o de perguntas e respostas:<\/p>\n<h3>O que \u00e9?<\/h3>\n<p>A a\u00e7\u00e3o de extens\u00e3o\u00a0<em>Clube de alfabetiza\u00e7\u00e3o cient\u00edfica: uma inicia\u00e7\u00e3o ao fant\u00e1stico mundo das Ci\u00eancias\u00a0<\/em>\u00e9 um projeto de extens\u00e3o planejado por docentes da coordena\u00e7\u00e3o de <a href=\"http:\/\/cursos.ifg.edu.br\/info\/lic\/lic-fisica\/CP-JAT\" target=\"_blank\">licenciatura em F\u00edsica do IFG<\/a>, C\u00e2mpus Jata\u00ed, que foi aprovado pelo <a href=\"http:\/\/www.ifg.edu.br\/acoes-de-extensao?showall=&amp;start=1\" target=\"_blank\">edital n\u00ba 04\/2018<\/a> da Pr\u00f3-reitoria de Extens\u00e3o do IFG.<\/p>\n<h3>Quais s\u00e3o os objetivos do Clube?<\/h3>\n<ul>\n<li>Objetivo geral\n<ul>\n<li>Demonstrar,\u00a0desenvolver\u00a0e\u00a0discutir\u00a0projetos,\u00a0experimentos\u00a0e\u00a0outras\u00a0atividades\u00a0em\u00a0F\u00edsica, Qu\u00edmica\u00a0e\u00a0Biologia\u00a0de\u00a0forma\u00a0integrada\u00a0e\u00a0interdisciplinar,\u00a0afim\u00a0de\u00a0possibilitar\u00a0ao\u00a0aluno\u00a0a\u00a0alfabetiza\u00e7\u00e3o\u00a0cient\u00edfica\u00a0desde\u00a0o\u00a0Ensino\u00a0Fundamental.<\/li>\n<\/ul>\n<\/li>\n<li>Objetivos\u00a0Espec\u00edficos:\n<ul>\n<li>Realizar\u00a0e\u00a0discutir\u00a0atividades,\u00a0projetos\u00a0e\u00a0experimentos,\u00a0a\u00a0partir\u00a0do\u00a0interesse\u00a0dos\u00a0participantes,\u00a0e\u00a0discuti-los\u00a0de\u00a0forma\u00a0que\u00a0os\u00a0alunos\u00a0apreendam\u00a0os\u00a0conhecimentos\u00a0envolvidos\u00a0e\u00a0percebam\u00a0a\u00a0presen\u00e7a\u00a0da\u00a0Ci\u00eancia,\u00a0no\u00a0cotidiano.<\/li>\n<li>Planejar\u00a0experimentos\u00a0e\u00a0projetos\u00a0cient\u00edficos,\u00a0de\u00a0maneira\u00a0que\u00a0os\u00a0alunos\u00a0do\u00a0Ensino\u00a0Fundamental\u00a0fa\u00e7am\u00a0parte\u00a0da\u00a0execu\u00e7\u00e3o\u00a0dos\u00a0mesmos.<\/li>\n<\/ul>\n<\/li>\n<\/ul>\n<h3>Quem pode participar?<\/h3>\n<p>O Clube de alfabetiza\u00e7\u00e3o cient\u00edfica destina-se a alunos do s\u00e9timo, oitavo e nono anos do ensino fundamental que\u00a0estudam\u00a0na\u00a0extens\u00e3o\u00a0do\u00a0Col\u00e9gio\u00a0Estadual\u00a0Marcondes\u00a0de\u00a0Godoy,\u00a0que\u00a0funciona\u00a0na\u00a0escola\u00a0Professor\u00a0Luziano\u00a0Dias\u00a0de\u00a0Freitas.<\/p>\n<h3>O que o clube pretende?<\/h3>\n<p>Espera-se que os(as) participantes do Clube possam:<\/p>\n<ul>\n<li>Desenvolver uma compreens\u00e3o b\u00e1sica de termos, conhecimentos e conceitos cient\u00edficos fundamentais, de modo a tornar poss\u00edvel o entendimento de informa\u00e7\u00f5es e situa\u00e7\u00f5es do dia-a-dia.<\/li>\n<li>Realizar reflex\u00f5es e an\u00e1lises antes de agirem em determinada situa\u00e7\u00e3o, visto que os conhecimentos cient\u00edficos podem oferecer subs\u00eddios para o exame de problemas do dia-a-dia que envolvam conceitos cient\u00edficos ou conhecimentos advindos deles.<\/li>\n<li>Compreender o entendimento das rela\u00e7\u00f5es existentes entre ci\u00eancia, tecnologia, sociedade e meio ambiente e perpassa pelo reconhecimento de que quase todo fato da vida de algu\u00e9m tem sido influenciado, de alguma maneira, pelas Ci\u00eancias e tecnologias.<\/li>\n<li>Desenvolver o esp\u00edrito investigativo e o gosto pelas Ci\u00eancias Naturais.<\/li>\n<\/ul>\n","protected":false},"excerpt":{"rendered":"<p>Esse Sobre est\u00e1 organizado como uma se\u00e7\u00e3o de perguntas e respostas: O que \u00e9? A a\u00e7\u00e3o de extens\u00e3o\u00a0Clube de alfabetiza\u00e7\u00e3o cient\u00edfica: uma inicia\u00e7\u00e3o ao fant\u00e1stico mundo das Ci\u00eancias\u00a0\u00e9 um projeto de extens\u00e3o planejado por docentes da coordena\u00e7\u00e3o de licenciatura em F\u00edsica do IFG, C\u00e2mpus Jata\u00ed, que foi aprovado pelo edital n\u00ba 04\/2018 da Pr\u00f3-reitoria de [&hellip;]<\/p>\n","protected":false},"author":4,"featured_media":0,"parent":0,"menu_order":0,"comment_status":"closed","ping_status":"closed","template":"","meta":{"_links_to":"","_links_to_type":0,"footnotes":""},"class_list":["post-3","page","type-page","status-publish","hentry"],"_links":{"self":[{"href":"https:\/\/extensao.ifg.edu.br\/clubedeciencias\/wp-json\/wp\/v2\/pages\/3"}],"collection":[{"href":"https:\/\/extensao.ifg.edu.br\/clubedeciencias\/wp-json\/wp\/v2\/pages"}],"about":[{"href":"https:\/\/extensao.ifg.edu.br\/clubedeciencias\/wp-json\/wp\/v2\/types\/page"}],"author":[{"embeddable":true,"href":"https:\/\/extensao.ifg.edu.br\/clubedeciencias\/wp-json\/wp\/v2\/users\/4"}],"replies":[{"embeddable":true,"href":"https:\/\/extensao.ifg.edu.br\/clubedeciencias\/wp-json\/wp\/v2\/comments?post=3"}],"version-history":[{"count":4,"href":"https:\/\/extensao.ifg.edu.br\/clubedeciencias\/wp-json\/wp\/v2\/pages\/3\/revisions"}],"predecessor-version":[{"id":17,"href":"https:\/\/extensao.ifg.edu.br\/clubedeciencias\/wp-json\/wp\/v2\/pages\/3\/revisions\/17"}],"wp:attachment":[{"href":"https:\/\/extensao.ifg.edu.br\/clubedeciencias\/wp-json\/wp\/v2\/media?parent=3"}],"curies":[{"name":"wp","href":"https:\/\/api.w.org\/{rel}","templated":true}]}}