{"id":2,"date":"2018-08-21T10:55:27","date_gmt":"2018-08-21T13:55:27","guid":{"rendered":"http:\/\/extensao.ifg.edu.br\/clubedeciencias\/?page_id=2"},"modified":"2019-05-17T16:53:40","modified_gmt":"2019-05-17T19:53:40","slug":"equipe","status":"publish","type":"page","link":"https:\/\/extensao.ifg.edu.br\/clubedeciencias\/equipe\/","title":{"rendered":"Equipe"},"content":{"rendered":"<p>A equipe respons\u00e1vel pela a\u00e7\u00e3o de extens\u00e3o &#8220;Clube de alfabetiza\u00e7\u00e3o cient\u00edfica: uma inicia\u00e7\u00e3o ao fant\u00e1stico mundo das Ci\u00eancias&#8221; \u00e9 composta por docentes e discentes do <a href=\"http:\/\/www.ifg.edu.br\/jatai\" target=\"_blank\">IFG C\u00e2mpus Jata\u00ed <\/a>e por uma professora de Ci\u00eancias da rede estadual de educa\u00e7\u00e3o:<\/p>\n<table class=\" alignleft\">\n<tbody>\n<tr>\n<td>Integrante<\/td>\n<td>Mini curr\u00edculo<\/td>\n<td>Per\u00edodo<\/td>\n<\/tr>\n<tr>\n<td>\n<figure id=\"attachment_10\" aria-describedby=\"caption-attachment-10\" style=\"width: 140px\" class=\"wp-caption alignnone\"><img loading=\"lazy\" decoding=\"async\" class=\"wp-image-10\" src=\"http:\/\/extensao.ifg.edu.br\/clubedeciencias\/wp-content\/uploads\/sites\/12\/2018\/08\/Screenshot_2018-09-02-1-Alline-Braga-Silva.png\" alt=\"Foto de Alline Braga Silva\" width=\"140\" height=\"181\" \/><figcaption id=\"caption-attachment-10\" class=\"wp-caption-text\">Alline Braga Silva<\/figcaption><\/figure>\n<p>&nbsp;<\/td>\n<td><\/td>\n<td>De agosto\/2018 at\u00e9 o presente<\/td>\n<\/tr>\n<tr>\n<td><img loading=\"lazy\" decoding=\"async\" class=\"alignnone size-full wp-image-63\" src=\"http:\/\/extensao.ifg.edu.br\/clubedeciencias\/wp-content\/uploads\/sites\/12\/2018\/08\/IMG-20170613-WA0002-_-Dayanne_-Gomes.jpg\" alt=\"IMG-20170613-WA0002 - _ Dayanne_ Gomes\" width=\"721\" height=\"1280\" \/>Dayane Gomes de Oliveira<\/p>\n<p>&nbsp;<\/td>\n<td style=\"text-align: justify\">Mestre em Biodiversidade e Conserva\u00e7\u00e3o, Especialista em Tecnologias Aplicadas ao Ensino de Biologia, Licenciada em Ci\u00eancias Biol\u00f3gicas e Professora da Rede Estadual de Educa\u00e7\u00e3o\/Goi\u00e1s, Crece Jata\u00ed.<\/td>\n<td>De agosto\/2018 at\u00e9 o presente.<\/td>\n<\/tr>\n<tr>\n<td><img loading=\"lazy\" decoding=\"async\" class=\"alignnone size-full wp-image-64\" src=\"http:\/\/extensao.ifg.edu.br\/clubedeciencias\/wp-content\/uploads\/sites\/12\/2018\/08\/clube-maria-antonia.png\" alt=\"clube - maria antonia\" width=\"168\" height=\"317\" \/>Maria Sueli da Silva Gon\u00e7alves<\/p>\n<p>&nbsp;<\/td>\n<td style=\"text-align: justify\">\u00a0Possui gradua\u00e7\u00e3o em F\u00edsica pelo Instituto Federal de Educa\u00e7\u00e3o, Ci\u00eancia e Tecnologia de Goi\u00e1s (2017). Atuou como professora no ensino fundamental II em 2017 no Instituto Presbiteriano Samuel Graham nas turmas de 8\u00ba e 9\u00ba ministrando a disciplina de ci\u00eancias. Atualmente trabalha como professora de f\u00edsica no Instituto Federal de Goi\u00e1s.<\/td>\n<td>De agosto\/2018 at\u00e9 dezembro\/2018.<\/td>\n<\/tr>\n<tr>\n<td><img loading=\"lazy\" decoding=\"async\" class=\"alignnone size-full wp-image-65\" src=\"http:\/\/extensao.ifg.edu.br\/clubedeciencias\/wp-content\/uploads\/sites\/12\/2018\/08\/f1-kenia-lacerda.jpg\" alt=\"f1 - kenia lacerda\" width=\"100\" height=\"100\" \/><\/p>\n<p>K\u00eania Alves Pereira Lacerda<\/td>\n<td>Docente e pesquisadora do Instituto Federal de Goi\u00e1s, licenciada em Ci\u00eancias Biol\u00f3gicas, mestra em Produ\u00e7\u00e3o vegetal e doutora em Ci\u00eancias da Sa\u00fade.<\/td>\n<td>De agosto\/2018 at\u00e9 o presente.<\/td>\n<\/tr>\n<tr>\n<td>\n<figure id=\"attachment_60\" aria-describedby=\"caption-attachment-60\" style=\"width: 160px\" class=\"wp-caption alignnone\"><img loading=\"lazy\" decoding=\"async\" class=\"wp-image-60\" src=\"http:\/\/extensao.ifg.edu.br\/clubedeciencias\/wp-content\/uploads\/sites\/12\/2018\/09\/P_20180709_170404_vHDR_Auto.jpg\" alt=\"Rodrigo Claudino Diogo\" width=\"160\" height=\"284\" \/><figcaption id=\"caption-attachment-60\" class=\"wp-caption-text\">Rodrigo Claudino Diogo<\/figcaption><\/figure>\n<p>&nbsp;<\/td>\n<td style=\"text-align: justify\">\u00c9 bacharel em Ci\u00eancias da Computa\u00e7\u00e3o (1998), licenciado em F\u00edsica pela Universidade Federal de Goi\u00e1s (2005), mestre (2008) e doutor (2016) em Educa\u00e7\u00e3o pela Universidade Federal de Mato Grosso do Sul. No IFG atua em diferentes n\u00edveis de ensino e cursos: ensino m\u00e9dio profissionalizante, licenciatura em f\u00edsica, bacharelado em engenharia el\u00e9trica, especializa\u00e7\u00e3o e mestrado. Tem interesse nas seguintes \u00e1reas: teoria hist\u00f3rico-cultural, forma\u00e7\u00e3o de professores, ensino de Ci\u00eancias e de F\u00edsica, alfabetiza\u00e7\u00e3o cient\u00edfica e inform\u00e1tica educativa. Est\u00e1 empolgado com o desenvolvimento do clube de Ci\u00eancias e espera que o clube consiga contribuir com a alfabetiza\u00e7\u00e3o cient\u00edfica dos participantes e com sua pr\u00f3pria forma\u00e7\u00e3o.<\/td>\n<td style=\"text-align: justify\">De agosto\/2018 at\u00e9 o presente.<\/td>\n<\/tr>\n<tr>\n<td>\n<figure id=\"attachment_12\" aria-describedby=\"caption-attachment-12\" style=\"width: 140px\" class=\"wp-caption alignnone\"><img loading=\"lazy\" decoding=\"async\" class=\"size-full wp-image-12\" src=\"http:\/\/extensao.ifg.edu.br\/clubedeciencias\/wp-content\/uploads\/sites\/12\/2018\/08\/Screenshot_2018-09-02-1-Rodrigo-Ferreira-Marinho.png\" alt=\"Foto de Rodrigo Ferreira Marinho\" width=\"140\" height=\"167\" \/><figcaption id=\"caption-attachment-12\" class=\"wp-caption-text\">Rodrigo Ferreira Marinho<\/figcaption><\/figure>\n<p>&nbsp;<\/td>\n<td>Possui gradua\u00e7\u00e3o em Licenciatura em F\u00edsica pela Universidade Federal de Goi\u00e1s (2005). Especializa\u00e7\u00e3o em Educa\u00e7\u00e3o a Dist\u00e2ncia pelo SENAC (2013) e Mestrado em Ensino de F\u00edsica pela Universidade Federal de Goi\u00e1s (2015). Atualmente \u00e9 professor efetivo de F\u00edsica do Instituto Federal de Goi\u00e1s &#8211; Campus Jata\u00ed. Tem experi\u00eancia na \u00e1rea de Ensino de F\u00edsica, atuando principalmente nas \u00e1reas tem\u00e1ticas de Ensino de F\u00edsica, Ensino a Dist\u00e2ncia, Experimenta\u00e7\u00e3o para o ensino de F\u00edsica, Softwares Educacionais e Produ\u00e7\u00e3o de Materiais Did\u00e1ticos.<\/p>\n<p>Site:\u00a0<a href=\"http:\/\/docentes.ifg.edu.br\/marinho\">docentes.ifg.edu.br\/marinho\u00a0<\/a><\/p>\n<p>email: <a href=\"mailto:rodrigomarinhoifg@gmail.com\">rodrigomarinhoifg@gmail.com<\/a>\u00a0e <a href=\"mailto:rodrigo.marinho@ifg.edu.br\">rodrigo.marinho@ifg.edu.br<\/a><\/td>\n<td>De agosto\/2018 at\u00e9 o presente.<\/td>\n<\/tr>\n<tr>\n<td><img loading=\"lazy\" decoding=\"async\" class=\"alignnone size-full wp-image-62\" src=\"http:\/\/extensao.ifg.edu.br\/clubedeciencias\/wp-content\/uploads\/sites\/12\/2018\/08\/22491615_1511608992259742_3445525331251681700_n-clube-de-ci\u00eancias.jpg\" alt=\"22491615_1511608992259742_3445525331251681700_n - clube de ci\u00eancias\" width=\"960\" height=\"960\" \/>Sarah Nonato Matos<\/td>\n<td>Aluna de gradua\u00e7\u00e3o do curso de Licenciatura em F\u00edsica- IFG.<\/td>\n<td>De agosto\/2018 at\u00e9 janeiro de 2019.<\/td>\n<\/tr>\n<tr>\n<td>Vitor Hugo Queiroz Silva<\/td>\n<td>\u00a0Colocar um breve curr\u00edculo ou descri\u00e7\u00e3o<\/td>\n<td><\/td>\n<\/tr>\n<\/tbody>\n<\/table>\n<p>&nbsp;<\/p>\n<p>&nbsp;<\/p>\n","protected":false},"excerpt":{"rendered":"<p>A equipe respons\u00e1vel pela a\u00e7\u00e3o de extens\u00e3o &#8220;Clube de alfabetiza\u00e7\u00e3o cient\u00edfica: uma inicia\u00e7\u00e3o ao fant\u00e1stico mundo das Ci\u00eancias&#8221; \u00e9 composta por docentes e discentes do IFG C\u00e2mpus Jata\u00ed e por uma professora de Ci\u00eancias da rede estadual de educa\u00e7\u00e3o: Integrante Mini curr\u00edculo Per\u00edodo &nbsp; De agosto\/2018 at\u00e9 o presente Dayane Gomes de Oliveira &nbsp; Mestre [&hellip;]<\/p>\n","protected":false},"author":39,"featured_media":0,"parent":0,"menu_order":0,"comment_status":"closed","ping_status":"open","template":"","meta":{"_links_to":"","_links_to_type":0,"footnotes":""},"class_list":["post-2","page","type-page","status-publish","hentry"],"_links":{"self":[{"href":"https:\/\/extensao.ifg.edu.br\/clubedeciencias\/wp-json\/wp\/v2\/pages\/2"}],"collection":[{"href":"https:\/\/extensao.ifg.edu.br\/clubedeciencias\/wp-json\/wp\/v2\/pages"}],"about":[{"href":"https:\/\/extensao.ifg.edu.br\/clubedeciencias\/wp-json\/wp\/v2\/types\/page"}],"author":[{"embeddable":true,"href":"https:\/\/extensao.ifg.edu.br\/clubedeciencias\/wp-json\/wp\/v2\/users\/39"}],"replies":[{"embeddable":true,"href":"https:\/\/extensao.ifg.edu.br\/clubedeciencias\/wp-json\/wp\/v2\/comments?post=2"}],"version-history":[{"count":13,"href":"https:\/\/extensao.ifg.edu.br\/clubedeciencias\/wp-json\/wp\/v2\/pages\/2\/revisions"}],"predecessor-version":[{"id":105,"href":"https:\/\/extensao.ifg.edu.br\/clubedeciencias\/wp-json\/wp\/v2\/pages\/2\/revisions\/105"}],"wp:attachment":[{"href":"https:\/\/extensao.ifg.edu.br\/clubedeciencias\/wp-json\/wp\/v2\/media?parent=2"}],"curies":[{"name":"wp","href":"https:\/\/api.w.org\/{rel}","templated":true}]}}