{"id":3,"date":"2021-09-14T14:15:51","date_gmt":"2021-09-14T17:15:51","guid":{"rendered":"http:\/\/extensao.ifg.edu.br\/cienciafeitaaqui\/calendar\/"},"modified":"2023-06-24T19:50:46","modified_gmt":"2023-06-24T22:50:46","slug":"calendar","status":"publish","type":"page","link":"https:\/\/extensao.ifg.edu.br\/cienciafeitaaqui\/calendar\/","title":{"rendered":"Calend\u00e1rio"},"content":{"rendered":"<p><strong>8\/10\/2021 <\/strong>&#8211; Epis\u00f3dio com a participa\u00e7\u00e3o da\u00a0<strong><a href=\"https:\/\/open.spotify.com\/episode\/3OwxaAkj8lt2VRsO6kDTtt\">Marina Moreira &#8211; Bi\u00f3loga.<\/a><\/strong><\/p>\n<p><strong>22\/10\/2021<\/strong> &#8211;\u00a0Epis\u00f3dio com a participa\u00e7\u00e3o da\u00a0<strong><a href=\"https:\/\/open.spotify.com\/episode\/0njZElW2iAaAyI8jkl45Sm\">Fernanda Miranda &#8211; Psic\u00f3loga.<\/a><\/strong><\/p>\n<p><strong>5\/11\/2021<\/strong> &#8211; Epis\u00f3dio com a participa\u00e7\u00e3o do<strong><a href=\"https:\/\/open.spotify.com\/episode\/0jEliy0oLPtmXJ1sjO7ktW\"> Neville Julio de Vilasboas e Santos &#8211; Professor\u00a0de sociologia.<\/a><\/strong><\/p>\n<p><strong>19\/11\/2021<\/strong> &#8211;\u00a0Epis\u00f3dio com a participa\u00e7\u00e3o do\u00a0<strong><a href=\"https:\/\/open.spotify.com\/episode\/3Girk5QGSOor2Uj7RijlO7\">Lemuel Gandara \u2013 Professor de l\u00edngua portuguesa<\/a>.<\/strong><\/p>\n<p><strong>3\/12\/2021 &#8211; <\/strong>Epis\u00f3dio com a participa\u00e7\u00e3o da <strong><a href=\"https:\/\/open.spotify.com\/episode\/4Dda3CkJEezVc78UwBqD0z\">Cl\u00e1udia Helena &#8211; Professora da \u00e1rea de educa\u00e7\u00e3o.<\/a><\/strong><\/p>\n<p><strong>17\/12\/2021<\/strong> &#8211;<strong>\u00a0<\/strong>Epis\u00f3dio com a participa\u00e7\u00e3o da\u00a0<strong><a href=\"https:\/\/open.spotify.com\/episode\/5rAjlnfKrX3hroGUGgcvqz?si=B5P00zfMT1unYznCLVEUUQ\">Rosa Barros &#8211; Professora de m\u00fasica<\/a>.<\/strong><\/p>\n<p><strong>21\/01\/2022<\/strong> &#8211;\u00a0Epis\u00f3dio com a participa\u00e7\u00e3o da <strong><a href=\"https:\/\/open.spotify.com\/episode\/6mehsvfQdf5fmq427eBuaT?si=6RsrGMefSGq7v4fF9z2ivg\">Simone Mesquita &#8211; Professora de Marketing<\/a><\/strong><\/p>\n<p><strong>04\/02\/2022<\/strong> &#8211;\u00a0Epis\u00f3dio com a participa\u00e7\u00e3o da <strong><a href=\"https:\/\/open.spotify.com\/episode\/5DbUlJWIYqiTyMeZEzAk5f?si=d0yyo6gvRQSGgQCireSheQ\">Mariana Toledo Ferreira &#8211; Soci\u00f3loga<\/a><\/strong><\/p>\n<p><strong>18\/02\/2022<\/strong> &#8211;\u00a0Epis\u00f3dio com a participa\u00e7\u00e3o da <strong><a href=\"https:\/\/open.spotify.com\/episode\/0QYLA75YuopjpMFdxc6P7X?si=gInpNFoERPeN5Jpqdgn8WA\">Kellen Christina &#8211; Biologa<\/a><\/strong><\/p>\n<p><strong>04\/03\/2022<\/strong> &#8211; Epis\u00f3dio com a participa\u00e7\u00e3o da <strong><a href=\"https:\/\/open.spotify.com\/episode\/1gHXtoLxwz6RE4qTLjdIG4?si=w7djXt7tRmWDfU1_BUgZAA\">Kaithy Oliveira &#8211; Pedagoga<\/a><\/strong><\/p>\n<p><strong>18\/03\/2022<\/strong> &#8211; Epis\u00f3dio com a participa\u00e7\u00e3o do<strong> <a href=\"https:\/\/open.spotify.com\/episode\/4WuO6Ofll5blBpY6H4ZZgz?si=VbOYqfCUSIG6fs3IO2dnDg\">Waldeyr Mendes \u2013 Professor de biologia e inform\u00e1tica<\/a><\/strong><\/p>\n<p><strong>14\/04\/2022<\/strong> &#8211;\u00a0Epis\u00f3dio com a participa\u00e7\u00e3o da\u00a0<strong><a href=\"https:\/\/open.spotify.com\/episode\/1ySvEpEC8jpMme3v7fpIoq?si=UzKfHS6aRxaPFVEzlORjSw\">Tha\u00eds Amaral &#8211; Bi\u00f3loga<\/a><\/strong><\/p>\n<p><strong>29\/04\/2022<\/strong> &#8211;\u00a0Epis\u00f3dio com a participa\u00e7\u00e3o da<strong> <a href=\"https:\/\/open.spotify.com\/episode\/2Td26UNJDuGua9S6cfW6vV?si=vkPDI7IQS2mvvVs5FI6cDg\">Patr\u00edcia de Castilhos \u2013 Bi\u00f3loga<\/a><\/strong><\/p>\n<p><strong>05\/05\/2022<\/strong> &#8211;\u00a0Epis\u00f3dio com a participa\u00e7\u00e3o do <strong><a href=\"https:\/\/open.spotify.com\/episode\/0ncV0AYXzcK5LZazfjRomy?si=hHzCnGRIS7KdzmygLGJahw\">Thiago Damasceno \u2013 Historiador<\/a><\/strong><\/p>\n<p><strong>13\/05\/2022<\/strong> &#8211;\u00a0Epis\u00f3dio com a participa\u00e7\u00e3o do\u00a0<strong><a href=\"https:\/\/open.spotify.com\/episode\/5Qpof8Y9SE3SUCAMLRyQn7?si=PGNrbDwNTNO-OHf6H_ec7A\">Luis Cl\u00e1udio de Moura &#8211; Historiador<\/a><\/strong><\/p>\n<p><strong>03\/06\/2022<\/strong> &#8211;\u00a0Epis\u00f3dio com a participa\u00e7\u00e3o da\u00a0<strong><a href=\"https:\/\/open.spotify.com\/episode\/7cgrME4HdJAdgm6kOGCQyd?si=vfCNHVkrS0aX-phBXiJWRg\">K\u00eania Medeiros &#8211; Historiadora<\/a><\/strong><\/p>\n<p><strong>17\/06\/2022<\/strong> &#8211;\u00a0Epis\u00f3dio com a participa\u00e7\u00e3o do <strong><a href=\"https:\/\/open.spotify.com\/episode\/686yGuwr8WiAiALwUsDZPz?si=tkYOxe08RpCdTCeSV7A_tQ\">Agno Alves Vieira \u2013 Engenheiro Civil<\/a><\/strong><\/p>\n<p><strong>24\/06\/2022<\/strong> &#8211;\u00a0Epis\u00f3dio com a participa\u00e7\u00e3o do\u00a0<strong><a href=\"https:\/\/open.spotify.com\/episode\/7IUBHjj2nBAa03tDt7Kwd6?si=o-1hakn4Tcyl0272oFb60g\">Daniel Xavier &#8211; Cientista da computa\u00e7\u00e3o<\/a><\/strong><\/p>\n<p><em><strong>01\/07\/2022 &#8211; Fim da 1\u00b0 Temporada do Ci\u00eancia Feita Aqui\u00a0<\/strong><\/em><\/p>\n<p><em><strong>23\/09\/2022 &#8211;\u00a0Inicio da 2\u00b0 Temporada do Ci\u00eancia Feita Aqui\u00a0<\/strong><\/em><\/p>\n<p><strong>30\/09\/2022<\/strong> &#8211;\u00a0Epis\u00f3dio com a participa\u00e7\u00e3o do <strong><a href=\"https:\/\/open.spotify.com\/episode\/4dJ2rgYIzDHSCJGB4QbhfB?si=wGjQL7HyR4qGod7R2klgzA\">Pedro Bonfim &#8211; Matem\u00e1tico<\/a><\/strong><\/p>\n<p><strong>14\/10\/2022<\/strong> &#8211;\u00a0Epis\u00f3dio com a participa\u00e7\u00e3o da <strong><a href=\"https:\/\/open.spotify.com\/episode\/69OWpozzNeErQHkyTjQxwn?si=wAk3YImhS-ucwZJL7qa2sg\">Jana\u00edna Ferreira Fernandes &#8211; Antrop\u00f3loga<\/a><\/strong><\/p>\n<p><strong>20\/12\/2022<\/strong> &#8211;\u00a0Epis\u00f3dio com a participa\u00e7\u00e3o da <strong><a href=\"https:\/\/open.spotify.com\/episode\/2FROkbdWQbW5RMcNhBHPdB?si=xISkX9dqQ0Ost5BVEym3KQ\">Ruana Brand\u00e3o &#8211; Qu\u00edmica<\/a><\/strong><\/p>\n<p><strong>31\/03\/2023<\/strong> &#8211;\u00a0Epis\u00f3dio com a participa\u00e7\u00e3o da<strong> <a href=\"https:\/\/open.spotify.com\/episode\/65nbixIYc6VzAe30fdgWql?si=So7Ntg3jQMyREx72CIoGYg\">Uyara Ferreira Silva &#8211; Cientista da Computa\u00e7\u00e3o<\/a><\/strong><\/p>\n<p><strong>20\/04\/2023<\/strong> &#8211;\u00a0Epis\u00f3dio com a participa\u00e7\u00e3o do <strong><a href=\"https:\/\/open.spotify.com\/episode\/6KqUxhcOrr9HShEP5zTGLc?si=DYG0TjbSS2u-avYEb5JclA\">Cl\u00f3vis Souza \u2013 Cientista Pol\u00edtico<\/a><\/strong><\/p>\n<p><strong>05\/05\/2023<\/strong> &#8211;\u00a0Epis\u00f3dio com a participa\u00e7\u00e3o da\u00a0<strong><a title=\"Pedagoga \u2013 Luciana Campos de Oliveira\" href=\"https:\/\/open.spotify.com\/episode\/7KLvfNt4d7G6nPciTaF51Z?si=XYOWQxgRR_WySZcrLXQ8bg\" rel=\"bookmark\">Pedagoga \u2013 Luciana Campos de Oliveira<\/a><\/strong><\/p>\n<p><strong><em>17\/05\/2023 &#8211; Epis\u00f3dio Especial &#8211; <a href=\"https:\/\/open.spotify.com\/episode\/0Q2TDkSgE8b63WV7dknLsQ?si=KYW5AChbSVqV33RQ-QbHyQ\">Por dentro da FECIN<\/a><\/em><\/strong><\/p>\n<p><strong>26\/05\/2023<\/strong> &#8211;\u00a0Epis\u00f3dio com a participa\u00e7\u00e3o do<strong>\u00a0<a title=\"Leandro Goulart \u2013 Bi\u00f3logo\" href=\"https:\/\/open.spotify.com\/episode\/0dVtmai95UTD1xglu0Xl4d?si=CqCSc178SYWeB-O36YsRLQ\" rel=\"bookmark\">Leandro Goulart \u2013 Bi\u00f3logo<\/a><\/strong><\/p>\n<p><strong>16\/06\/2023<\/strong> &#8211;\u00a0Epis\u00f3dio com a participa\u00e7\u00e3o da\u00a0<strong><a title=\"Lidiane Lemos \u2013 Qu\u00edmica\" href=\"https:\/\/open.spotify.com\/episode\/6KrgJTq3NwexZ50zqnKr5R?si=lg04YFJNT8KqFkw6p5KtmA\" rel=\"bookmark\">Lidiane Lemos \u2013 Qu\u00edmica<\/a><\/strong><\/p>\n<p>&nbsp;<\/p>\n<h2 class=\"title\"><\/h2>\n<div class=\"css-tqzj88\"><\/div>\n<div class=\"css-tqzj88\"><\/div>\n<div class=\"css-tqzj88\"><\/div>\n<div class=\"css-tqzj88\"><\/div>\n<div class=\"css-tqzj88\"><\/div>\n<div class=\"css-tqzj88\"><\/div>\n<div class=\"css-tqzj88\"><\/div>\n<div class=\"css-tqzj88\"><\/div>\n<h1 class=\"css-9jgt32\"><\/h1>\n<div class=\"css-tqzj88\"><\/div>\n","protected":false},"excerpt":{"rendered":"<p>8\/10\/2021 &#8211; Epis\u00f3dio com a participa\u00e7\u00e3o da\u00a0Marina Moreira &#8211; Bi\u00f3loga. 22\/10\/2021 &#8211;\u00a0Epis\u00f3dio com a participa\u00e7\u00e3o da\u00a0Fernanda Miranda &#8211; Psic\u00f3loga. 5\/11\/2021 &#8211; Epis\u00f3dio com a participa\u00e7\u00e3o do Neville Julio de Vilasboas e Santos &#8211; Professor\u00a0de sociologia. 19\/11\/2021 &#8211;\u00a0Epis\u00f3dio com a participa\u00e7\u00e3o do\u00a0Lemuel Gandara \u2013 Professor de l\u00edngua portuguesa. 3\/12\/2021 &#8211; Epis\u00f3dio com a participa\u00e7\u00e3o da Cl\u00e1udia [&hellip;]<\/p>\n","protected":false},"author":62,"featured_media":0,"parent":0,"menu_order":0,"comment_status":"closed","ping_status":"closed","template":"","meta":{"_links_to":"","_links_to_type":0,"footnotes":""},"class_list":["post-3","page","type-page","status-publish","hentry"],"_links":{"self":[{"href":"https:\/\/extensao.ifg.edu.br\/cienciafeitaaqui\/wp-json\/wp\/v2\/pages\/3"}],"collection":[{"href":"https:\/\/extensao.ifg.edu.br\/cienciafeitaaqui\/wp-json\/wp\/v2\/pages"}],"about":[{"href":"https:\/\/extensao.ifg.edu.br\/cienciafeitaaqui\/wp-json\/wp\/v2\/types\/page"}],"author":[{"embeddable":true,"href":"https:\/\/extensao.ifg.edu.br\/cienciafeitaaqui\/wp-json\/wp\/v2\/users\/62"}],"replies":[{"embeddable":true,"href":"https:\/\/extensao.ifg.edu.br\/cienciafeitaaqui\/wp-json\/wp\/v2\/comments?post=3"}],"version-history":[{"count":15,"href":"https:\/\/extensao.ifg.edu.br\/cienciafeitaaqui\/wp-json\/wp\/v2\/pages\/3\/revisions"}],"predecessor-version":[{"id":138,"href":"https:\/\/extensao.ifg.edu.br\/cienciafeitaaqui\/wp-json\/wp\/v2\/pages\/3\/revisions\/138"}],"wp:attachment":[{"href":"https:\/\/extensao.ifg.edu.br\/cienciafeitaaqui\/wp-json\/wp\/v2\/media?parent=3"}],"curies":[{"name":"wp","href":"https:\/\/api.w.org\/{rel}","templated":true}]}}