{"id":75,"date":"2023-10-27T14:37:25","date_gmt":"2023-10-27T17:37:25","guid":{"rendered":"http:\/\/extensao.ifg.edu.br\/abali\/?page_id=75"},"modified":"2023-12-21T07:06:52","modified_gmt":"2023-12-21T10:06:52","slug":"inscreva-se","status":"publish","type":"page","link":"https:\/\/extensao.ifg.edu.br\/abali\/inscreva-se\/","title":{"rendered":"Inscreva-se"},"content":{"rendered":"<p><strong>Formas de Sele\u00e7\u00e3o e p\u00fablico alvo<\/strong><\/p>\n<p style=\"text-align: left\"><strong>P\u00fablico alvo:<\/strong>\u00a0Crian\u00e7as e jovens a partir de 5 anos de idade. Ser\u00e3o aceitas todos(as) pessoas que desejarem participar dos treinos, eventos, reuni\u00f5es e palestras, mediante contato pr\u00e9vio com o professor respons\u00e1vel pelas atividades executadas no projeto.<\/p>\n<ul>\n<li style=\"text-align: left\">As inscri\u00e7\u00f5es ser\u00e3o realizadas via <a href=\"https:\/\/wa.me\/5561991632401\" target=\"_blank\"><span style=\"color: #0000ff\">WhatsApp<\/span><\/a>\u00a0em contato direto com o professor respons\u00e1vel pela execu\u00e7\u00e3o das atividades esportivas;<\/li>\n<li style=\"text-align: left\">Os dados pessoais dos participantes e dos respons\u00e1veis em caso de menor de idade ser\u00e3o armazenados em formul\u00e1rio eletr\u00f4nico;<\/li>\n<\/ul>\n<p><span style=\"color: #ff0000\"><a style=\"color: #ff0000\" href=\"https:\/\/wa.me\/5561991632401\"> <button style=\"background-color: #395ca3;color: white\"><b>INSCREVER<\/b><\/button> <\/a><\/span><\/p>\n","protected":false},"excerpt":{"rendered":"<p>Formas de Sele\u00e7\u00e3o e p\u00fablico alvo P\u00fablico alvo:\u00a0Crian\u00e7as e jovens a partir de 5 anos de idade. Ser\u00e3o aceitas todos(as) pessoas que desejarem participar dos treinos, eventos, reuni\u00f5es e palestras, mediante contato pr\u00e9vio com o professor respons\u00e1vel pelas atividades executadas no projeto. As inscri\u00e7\u00f5es ser\u00e3o realizadas via WhatsApp\u00a0em contato direto com o professor respons\u00e1vel pela [&hellip;]<\/p>\n","protected":false},"author":109,"featured_media":0,"parent":0,"menu_order":0,"comment_status":"closed","ping_status":"closed","template":"","meta":{"_links_to":"","_links_to_type":0,"footnotes":""},"class_list":["post-75","page","type-page","status-publish","hentry"],"_links":{"self":[{"href":"https:\/\/extensao.ifg.edu.br\/abali\/wp-json\/wp\/v2\/pages\/75"}],"collection":[{"href":"https:\/\/extensao.ifg.edu.br\/abali\/wp-json\/wp\/v2\/pages"}],"about":[{"href":"https:\/\/extensao.ifg.edu.br\/abali\/wp-json\/wp\/v2\/types\/page"}],"author":[{"embeddable":true,"href":"https:\/\/extensao.ifg.edu.br\/abali\/wp-json\/wp\/v2\/users\/109"}],"replies":[{"embeddable":true,"href":"https:\/\/extensao.ifg.edu.br\/abali\/wp-json\/wp\/v2\/comments?post=75"}],"version-history":[{"count":51,"href":"https:\/\/extensao.ifg.edu.br\/abali\/wp-json\/wp\/v2\/pages\/75\/revisions"}],"predecessor-version":[{"id":189,"href":"https:\/\/extensao.ifg.edu.br\/abali\/wp-json\/wp\/v2\/pages\/75\/revisions\/189"}],"wp:attachment":[{"href":"https:\/\/extensao.ifg.edu.br\/abali\/wp-json\/wp\/v2\/media?parent=75"}],"curies":[{"name":"wp","href":"https:\/\/api.w.org\/{rel}","templated":true}]}}