{"id":42,"date":"2023-10-26T23:16:22","date_gmt":"2023-10-27T02:16:22","guid":{"rendered":"http:\/\/extensao.ifg.edu.br\/abali\/?page_id=42"},"modified":"2023-12-20T14:07:15","modified_gmt":"2023-12-20T17:07:15","slug":"quem-somos","status":"publish","type":"page","link":"https:\/\/extensao.ifg.edu.br\/abali\/quem-somos\/","title":{"rendered":"Quem somos"},"content":{"rendered":"<p><strong>Resumo<\/strong><\/p>\n<p>O \u00c1guas Lindas Basketball se constitui em uma relevante manifesta\u00e7\u00e3o educacional como elemento cultural multifacetado, compreendida\u00a0em um sentido amplo, n\u00e3o se restringindo apenas aos aspectos biol\u00f3gicos, t\u00e9cnicos e t\u00e1ticos, mas compreendendo a pr\u00e1tica corporal em uma perspectiva cultural (DA\u00d3LIO, 2021). Diante disso a forma\u00e7\u00e3o do \u00c1guas Lindas Basketball, no Instituto Federal de Goi\u00e1s, Campus \u00c1guas Lindas v\u00eam para contribuir no desenvolvimento da capacidade humana integral, manifestada atrav\u00e9s do esporte, objetivando proporcionar para a comunidade de \u00c1guas Lindas de Goi\u00e1s, acesso \u00e0 cultura, esporte, lazer e informa\u00e7\u00e3o atrav\u00e9s do basquetebol, contribuindo para uma sociedade mais justa e humana. Ser\u00e3o ofertadas\u00a0vagas, para a comunidade de \u00c1guas Lindas, abrangendo discentes, servidores, terceirizados e comunidade externa, de acordo com o interesse e capacidade m\u00e1xima dispon\u00edvel, levando-se em conta a estrutura do projeto.<\/p>\n<p>&nbsp;<\/p>\n<p><strong>Perfil da a\u00e7\u00e3o de extens\u00e3o<\/strong><\/p>\n<p style=\"font-weight: 400\">O munic\u00edpio de \u00c1guas Lindas comp\u00f5e a \u00c1rea Metropolitana de Bras\u00edlia (AMB) e a Rede Integrada de Desenvolvimento do Distrito Federal e Entorno (RIDE), havendo um fluxo constante de pessoas ao Distrito Federal em busca de emprego, esporte, lazer, servi\u00e7os de sa\u00fade e educa\u00e7\u00e3o. Boa parte da popula\u00e7\u00e3o \u00e9 migrante, em especial vindos da Regi\u00e3o Nordeste, o que se manifesta em aspectos culturais e lingu\u00edsticos. A produ\u00e7\u00e3o territorial de \u00c1guas Lindas deu-se de forma desordenada, em raz\u00e3o da especula\u00e7\u00e3o imobili\u00e1ria, do crescimento populacional acelerado e da aus\u00eancia de planejamento urbano, o que impacta na efetiva\u00e7\u00e3o dos direitos humanos da popula\u00e7\u00e3o. Berger, Artur Goulart\u00a0(2021), em seu estudo sobre como o esporte pode ser utilizado como meio para contribuir com a forma\u00e7\u00e3o do cidad\u00e3o e gerar transforma\u00e7\u00f5es positivas na sociedade, destaca\u00a0que considerar as percep\u00e7\u00f5es de variedade de personagens, e utilizar instrumentos condizentes com a realidade e capacidades dos participantes, podem potencializar a riqueza de seus relatos e consequentemente, dos estudos. Por fim, \u00e9 refor\u00e7ado o potencial do esporte para o ensino de princ\u00edpios, valores e habilidades que contribuem para a forma\u00e7\u00e3o do cidad\u00e3o.\u00a0Inserido nesta conjuntura, este projeto de extens\u00e3o surge da necessidade de fomentar processos cont\u00ednuos e sistematizados de forma\u00e7\u00e3o pelo esporte e lazer que contribuam para a transforma\u00e7\u00e3o dessa realidade social.<\/p>\n<p style=\"font-weight: 400\">Nesta sintonia,\u00a0a\u00a0educa\u00e7\u00e3o f\u00edsica no ambiente escolar possui um papel fundamental, pois podem proporcionar aos alunos um melhor desenvolvimento f\u00edsico, motor e em suas habilidades e compet\u00eancias\u00a0dentro da pratica de atividades f\u00edsicas na escola. O\u00a0basquetebol busca o desenvolvimento da autonomia, da coopera\u00e7\u00e3o, da participa\u00e7\u00e3o social, de princ\u00edpios democr\u00e1ticos, integrando o aluno na cultura corporal do movimento, visando o lazer, assim como a manuten\u00e7\u00e3o e a melhoria da sa\u00fade,\u00a0por se tratar de um esporte t\u00e3o completo no que tange fundamentos, regras, habilidades motoras e esp\u00edrito de equipe.<\/p>\n<p style=\"font-weight: 400\">Nesse sentido, considerando a import\u00e2ncia do trabalho\u00a0j\u00e1 realizado no IFG, campus \u00c1guas Lindas de Goi\u00e1s,\u00a0na \u00e1rea do\u00a0esporte e lazer , em hor\u00e1rios combinados entre a Diretoria Geral do Campus e o profissional professor de educa\u00e7\u00e3o f\u00edsica, professor Andr\u00e9,\u00a0trabalhos estes ofertados \u00e0s comunidades escolar e externa, identificamos a necessidade de darmos suporte a iniciativa da\u00a0educa\u00e7\u00e3o pelo esporte no sentido de propiciar o engendramento de novos processos que contribuam para o\u00a0incentivo a educa\u00e7\u00e3o pelo esporte nos espa\u00e7os democr\u00e1ticos.<\/p>\n<p style=\"font-weight: 400\">A Associa\u00e7\u00e3o de Basquetebol de \u00c1guas Lindas de Goi\u00e1s (ABALI) fundada em 8 de agosto de 2018, tem por objetivo desenvolver o gosto pelo esporte entre pessoas das mais diversas idades, atuando como instrumento de transforma\u00e7\u00e3o social e de organiza\u00e7\u00e3o civil. T\u00eam atuado desde o princ\u00edpio de forma volunt\u00e1ria, e sem \u00f4nus para os participantes. A ABALI busca<span style=\"font-weight: 400\"> gerar oportunidades para o desenvolvimento de crian\u00e7as e jovens, a fim de assegurar aos alunos plena integra\u00e7\u00e3o e inclus\u00e3o na sociedade atrav\u00e9s do esporte, contribuindo para o desenvolvimento integral do ser, valorizando os resultados esportivos e os relacionados \u00e0 cidadania e ao desenvolvimento f\u00edsico e moral do indiv\u00edduo.<\/span><\/p>\n<p style=\"font-weight: 400\"><strong>Formas de Sele\u00e7\u00e3o e p\u00fablico alvo<\/strong><\/p>\n<p><strong>P\u00fablico alvo:<\/strong>\u00a0Crian\u00e7as e jovens a partir de 5 anos de idade. Ser\u00e3o aceitas todos(as) pessoas que desejarem participar dos treinos, eventos, reuni\u00f5es e palestras, mediante contato pr\u00e9vio com o professor respons\u00e1vel pelas atividades executadas no projeto.<\/p>\n<ul>\n<li>As inscri\u00e7\u00f5es ser\u00e3o realizadas via <a href=\"https:\/\/wa.me\/5561991632401\" target=\"_blank\"><span style=\"color: #0000ff\">WhatsApp<\/span> <\/a>contato do professor respons\u00e1vel pela execu\u00e7\u00e3o das atividades esportivas;<\/li>\n<li>Os dados pessoais dos participantes e dos respons\u00e1veis em caso de menor de idade ser\u00e3o armazenados via formul\u00e1rio eletr\u00f4nico;<\/li>\n<\/ul>\n","protected":false},"excerpt":{"rendered":"<p>Resumo O \u00c1guas Lindas Basketball se constitui em uma relevante manifesta\u00e7\u00e3o educacional como elemento cultural multifacetado, compreendida\u00a0em um sentido amplo, n\u00e3o se restringindo apenas aos aspectos biol\u00f3gicos, t\u00e9cnicos e t\u00e1ticos, mas compreendendo a pr\u00e1tica corporal em uma perspectiva cultural (DA\u00d3LIO, 2021). Diante disso a forma\u00e7\u00e3o do \u00c1guas Lindas Basketball, no Instituto Federal de Goi\u00e1s, Campus [&hellip;]<\/p>\n","protected":false},"author":109,"featured_media":0,"parent":0,"menu_order":0,"comment_status":"closed","ping_status":"closed","template":"","meta":{"_links_to":"","_links_to_type":0,"footnotes":""},"class_list":["post-42","page","type-page","status-publish","hentry"],"_links":{"self":[{"href":"https:\/\/extensao.ifg.edu.br\/abali\/wp-json\/wp\/v2\/pages\/42"}],"collection":[{"href":"https:\/\/extensao.ifg.edu.br\/abali\/wp-json\/wp\/v2\/pages"}],"about":[{"href":"https:\/\/extensao.ifg.edu.br\/abali\/wp-json\/wp\/v2\/types\/page"}],"author":[{"embeddable":true,"href":"https:\/\/extensao.ifg.edu.br\/abali\/wp-json\/wp\/v2\/users\/109"}],"replies":[{"embeddable":true,"href":"https:\/\/extensao.ifg.edu.br\/abali\/wp-json\/wp\/v2\/comments?post=42"}],"version-history":[{"count":7,"href":"https:\/\/extensao.ifg.edu.br\/abali\/wp-json\/wp\/v2\/pages\/42\/revisions"}],"predecessor-version":[{"id":187,"href":"https:\/\/extensao.ifg.edu.br\/abali\/wp-json\/wp\/v2\/pages\/42\/revisions\/187"}],"wp:attachment":[{"href":"https:\/\/extensao.ifg.edu.br\/abali\/wp-json\/wp\/v2\/media?parent=42"}],"curies":[{"name":"wp","href":"https:\/\/api.w.org\/{rel}","templated":true}]}}